{"id":12,"date":"2014-01-13T22:00:25","date_gmt":"2014-01-13T20:00:25","guid":{"rendered":"http:\/\/www.primeval-aussies.at\/wordpress\/?page_id=12"},"modified":"2017-02-20T21:29:40","modified_gmt":"2017-02-20T20:29:40","slug":"kontakt","status":"publish","type":"page","link":"https:\/\/www.primeval-aussies.at\/wordpress\/kontakt\/","title":{"rendered":"Kontakt"},"content":{"rendered":"<h1><a href=\"http:\/\/www.primeval-aussies.at\/wordpress\/wp-content\/uploads\/WhatsApp-Image-2017-02-20-at-21.20.10-1.jpeg\"><img loading=\"lazy\" decoding=\"async\" class=\"aligncenter size-full wp-image-2136\" src=\"http:\/\/www.primeval-aussies.at\/wordpress\/wp-content\/uploads\/WhatsApp-Image-2017-02-20-at-21.20.10-1.jpeg\" alt=\"WhatsApp Image 2017-02-20 at 21.20.10 (1)\" width=\"960\" height=\"960\" srcset=\"https:\/\/www.primeval-aussies.at\/wordpress\/wp-content\/uploads\/WhatsApp-Image-2017-02-20-at-21.20.10-1.jpeg 960w, https:\/\/www.primeval-aussies.at\/wordpress\/wp-content\/uploads\/WhatsApp-Image-2017-02-20-at-21.20.10-1-150x150.jpeg 150w, https:\/\/www.primeval-aussies.at\/wordpress\/wp-content\/uploads\/WhatsApp-Image-2017-02-20-at-21.20.10-1-300x300.jpeg 300w, https:\/\/www.primeval-aussies.at\/wordpress\/wp-content\/uploads\/WhatsApp-Image-2017-02-20-at-21.20.10-1-768x768.jpeg 768w\" sizes=\"auto, (max-width: 960px) 100vw, 960px\" \/><\/a><\/h1>\n<table>\n<tbody>\n<tr>\n<td>&nbsp;<\/td>\n<td>Ines Rosenberger<\/td>\n<\/tr>\n<tr>\n<td>Telefon:<\/td>\n<td><span class=\"mobile_tel\">+43 699 100 44 537<\/span><\/td>\n<\/tr>\n<tr>\n<td>Email:<\/td>\n<td><a href=\"mailto:ines@primeval-aussies.at\">ines@primeval-aussies.at<\/a><\/td>\n<\/tr>\n<tr>\n<td>Stra\u00dfe:<\/td>\n<td>Niederlaaberstra\u00dfe 4<\/td>\n<\/tr>\n<tr>\n<td>Ort:<\/td>\n<td>4600 Wels<\/td>\n<\/tr>\n<tr>\n<td>Land:<\/td>\n<td>\u00d6sterreich<\/td>\n<\/tr>\n<\/tbody>\n<\/table>\n<h1>Anfahrt<\/h1>\n\n","protected":false},"excerpt":{"rendered":"<p>&nbsp; Ines Rosenberger Telefon: +43 699 100 44 537 Email: ines@primeval-aussies.at Stra\u00dfe: Niederlaaberstra\u00dfe 4 Ort: 4600 Wels Land: \u00d6sterreich Anfahrt<\/p>\n","protected":false},"author":1,"featured_media":0,"parent":0,"menu_order":5,"comment_status":"closed","ping_status":"closed","template":"page-templates\/full-width.php","meta":{"_crdt_document":"","advgb_blocks_editor_width":"","advgb_blocks_columns_visual_guide":"","_monsterinsights_skip_tracking":false,"_monsterinsights_sitenote_active":false,"_monsterinsights_sitenote_note":"","_monsterinsights_sitenote_category":0,"ngg_post_thumbnail":0,"footnotes":"","_links_to":"","_links_to_target":""},"class_list":["post-12","page","type-page","status-publish","hentry"],"aioseo_notices":[],"coauthors":[],"author_meta":{"author_link":"https:\/\/www.primeval-aussies.at\/wordpress\/author\/wordpressadmin\/","display_name":"Benjamin"},"relative_dates":{"created":"Ver\u00f6ffentlicht 12\u00a0Jahren vor","modified":"Aktualisiert 9\u00a0Jahren vor"},"absolute_dates":{"created":"Ver\u00f6ffentlicht am 13. Januar 2014","modified":"Aktualisiert am 20. Februar 2017"},"absolute_dates_time":{"created":"Ver\u00f6ffentlicht am 13. Januar 2014 22:00","modified":"Aktualisiert am 20. Februar 2017 21:29"},"featured_img_caption":"","featured_img":false,"series_order":"","_links":{"self":[{"href":"https:\/\/www.primeval-aussies.at\/wordpress\/wp-json\/wp\/v2\/pages\/12","targetHints":{"allow":["GET"]}}],"collection":[{"href":"https:\/\/www.primeval-aussies.at\/wordpress\/wp-json\/wp\/v2\/pages"}],"about":[{"href":"https:\/\/www.primeval-aussies.at\/wordpress\/wp-json\/wp\/v2\/types\/page"}],"author":[{"embeddable":true,"href":"https:\/\/www.primeval-aussies.at\/wordpress\/wp-json\/wp\/v2\/users\/1"}],"replies":[{"embeddable":true,"href":"https:\/\/www.primeval-aussies.at\/wordpress\/wp-json\/wp\/v2\/comments?post=12"}],"version-history":[{"count":7,"href":"https:\/\/www.primeval-aussies.at\/wordpress\/wp-json\/wp\/v2\/pages\/12\/revisions"}],"predecessor-version":[{"id":2143,"href":"https:\/\/www.primeval-aussies.at\/wordpress\/wp-json\/wp\/v2\/pages\/12\/revisions\/2143"}],"wp:attachment":[{"href":"https:\/\/www.primeval-aussies.at\/wordpress\/wp-json\/wp\/v2\/media?parent=12"}],"curies":[{"name":"wp","href":"https:\/\/api.w.org\/{rel}","templated":true}]}}