{"id":2,"date":"2014-01-13T19:33:38","date_gmt":"2014-01-13T18:33:38","guid":{"rendered":""},"modified":"2026-05-01T10:37:46","modified_gmt":"2026-05-01T09:37:46","slug":"beispiel-seite","status":"publish","type":"page","link":"https:\/\/www.primeval-aussies.at\/wordpress\/","title":{"rendered":""},"content":{"rendered":"\n<h2 id=\"willkommen-bei-den-primeval-aussies\" class=\"wp-block-heading\">Wir erwarten Anfang Juni unsere Welpen!<\/h2>\n\n\n\n<figure class=\"wp-block-image size-large\"><img loading=\"lazy\" decoding=\"async\" width=\"1024\" height=\"702\" src=\"https:\/\/www.primeval-aussies.at\/wordpress\/wp-content\/uploads\/WhatsApp-Image-2025-11-23-at-14.03.41-1024x702.jpeg\" alt=\"\" class=\"wp-image-4197\" srcset=\"https:\/\/www.primeval-aussies.at\/wordpress\/wp-content\/uploads\/WhatsApp-Image-2025-11-23-at-14.03.41-1024x702.jpeg 1024w, https:\/\/www.primeval-aussies.at\/wordpress\/wp-content\/uploads\/WhatsApp-Image-2025-11-23-at-14.03.41-300x206.jpeg 300w, https:\/\/www.primeval-aussies.at\/wordpress\/wp-content\/uploads\/WhatsApp-Image-2025-11-23-at-14.03.41-768x526.jpeg 768w, https:\/\/www.primeval-aussies.at\/wordpress\/wp-content\/uploads\/WhatsApp-Image-2025-11-23-at-14.03.41.jpeg 1392w\" sizes=\"auto, (max-width: 1024px) 100vw, 1024px\" \/><\/figure>\n\n\n\n<p class=\"wp-block-paragraph\">Melde dich \t\t<a\t\t\t\thref=\"javascript:void(0)\"\r\n\t\t\t\tclass=\"sgpb-show-popup sgpb-popup-id-2695\"\r\n\t\tdata-sgpbpopupid=\"2695\"\r\n\t\tdata-popup-event=\"click\"\r\n\t\t>\r\n\t\thier\t\t<\/a>\r\n\t\t an, wenn du \u00fcber den n\u00e4chsten Wurf informiert werden m\u00f6chtest.<\/p>\n\n\n\n<p class=\"wp-block-paragraph\">\n\n<div class='pfpItem entry-content'><h2 class='entry-title'><a href='https:\/\/www.primeval-aussies.at\/wordpress\/2956-2\/'><\/a><\/h2><div class='entry-meta'>Posted on Dezember 7, 2019 by wordpressadmin<\/div><img src=https:\/\/www.primeval-aussies.at\/wordpress\/wp-content\/uploads\/WhatsApp-Image-2019-12-07-at-19.40.53-150x150.jpeg style='width:150px' \/>Den Welpen wird nie langweilig durch die intensive Betreuung unserer Kinder \ud83d\ude42<a href='https:\/\/www.primeval-aussies.at\/wordpress\/2956-2\/' class='pfpReadMore'>Read More &raquo;<\/a><div class='clear'><\/div><hr><\/div><div class='pfpItem entry-content'><h2 class='entry-title'><a href='https:\/\/www.primeval-aussies.at\/wordpress\/2953-2\/'><\/a><\/h2><div class='entry-meta'>Posted on Dezember 7, 2019 by wordpressadmin<\/div><img src=https:\/\/www.primeval-aussies.at\/wordpress\/wp-content\/uploads\/WhatsApp-Image-2019-12-07-at-19.39.16-150x150.jpeg style='width:150px' \/>Zwillinge in Black Bi und Red Bi<a href='https:\/\/www.primeval-aussies.at\/wordpress\/2953-2\/' class='pfpReadMore'>Read More &raquo;<\/a><div class='clear'><\/div><hr><\/div><div class='pfpItem entry-content'><h2 class='entry-title'><a href='https:\/\/www.primeval-aussies.at\/wordpress\/2950-2\/'><\/a><\/h2><div class='entry-meta'>Posted on Dezember 7, 2019 by wordpressadmin<\/div><img src=https:\/\/www.primeval-aussies.at\/wordpress\/wp-content\/uploads\/WhatsApp-Image-2019-12-07-at-19.36.47-150x150.jpeg style='width:150px' \/>Es gibt nichts sch\u00f6neres als spielen und kuscheln mit den Welpen<a href='https:\/\/www.primeval-aussies.at\/wordpress\/2950-2\/' class='pfpReadMore'>Read More &raquo;<\/a><div class='clear'><\/div><hr><\/div><div class='pfpItem entry-content'><h2 class='entry-title'><a href='https:\/\/www.primeval-aussies.at\/wordpress\/2947-2\/'><\/a><\/h2><div class='entry-meta'>Posted on Dezember 7, 2019 by wordpressadmin<\/div><img src=https:\/\/www.primeval-aussies.at\/wordpress\/wp-content\/uploads\/WhatsApp-Image-2019-12-07-at-19.38.11-150x150.jpeg style='width:150px' \/>Unterwegs mit der ganzen Familie<a href='https:\/\/www.primeval-aussies.at\/wordpress\/2947-2\/' class='pfpReadMore'>Read More &raquo;<\/a><div class='clear'><\/div><hr><\/div><div class='pfpItem entry-content'><h2 class='entry-title'><a href='https:\/\/www.primeval-aussies.at\/wordpress\/2944-2\/'><\/a><\/h2><div class='entry-meta'>Posted on Dezember 7, 2019 by wordpressadmin<\/div><img src=https:\/\/www.primeval-aussies.at\/wordpress\/wp-content\/uploads\/WhatsApp-Image-2019-12-07-at-19.35.52-150x150.jpeg style='width:150px' \/>Rakscha fordert ihre Kuscheleinheiten ein<a href='https:\/\/www.primeval-aussies.at\/wordpress\/2944-2\/' class='pfpReadMore'>Read More &raquo;<\/a><div class='clear'><\/div><hr><\/div><div class='pfpItem entry-content'><h2 class='entry-title'><a href='https:\/\/www.primeval-aussies.at\/wordpress\/2941-2\/'><\/a><\/h2><div class='entry-meta'>Posted on Dezember 7, 2019 by wordpressadmin<\/div><img src=https:\/\/www.primeval-aussies.at\/wordpress\/wp-content\/uploads\/WhatsApp-Image-2019-12-07-at-19.38.44-150x150.jpeg style='width:150px' \/>Unser gro\u00dfe Sohnemann mit den M\u00e4dels<a href='https:\/\/www.primeval-aussies.at\/wordpress\/2941-2\/' class='pfpReadMore'>Read More &raquo;<\/a><div class='clear'><\/div><hr><\/div><div class='pfpItem entry-content'><h2 class='entry-title'><a href='https:\/\/www.primeval-aussies.at\/wordpress\/2938-2\/'><\/a><\/h2><div class='entry-meta'>Posted on Dezember 7, 2019 by wordpressadmin<\/div><img src=https:\/\/www.primeval-aussies.at\/wordpress\/wp-content\/uploads\/WhatsApp-Image-2019-12-07-at-19.34.22-150x150.jpeg style='width:150px' \/>Unsere Wasserratten<a href='https:\/\/www.primeval-aussies.at\/wordpress\/2938-2\/' class='pfpReadMore'>Read More &raquo;<\/a><div class='clear'><\/div><hr><\/div><span class='pfpNav'><a href=\"https:\/\/www.primeval-aussies.at\/wordpress\/wp-json\/wp\/v2\/pages\/2\/page\/2\/\" >Older Entries &raquo; <\/a><\/span>\n\n<\/p>\n\n\n\n<p class=\"wp-block-paragraph\"><\/p>\n","protected":false},"excerpt":{"rendered":"<p>Wir erwarten Anfang Juni unsere Welpen! Melde dich an, wenn du \u00fcber den n\u00e4chsten Wurf informiert werden m\u00f6chtest.<\/p>\n","protected":false},"author":1,"featured_media":0,"parent":0,"menu_order":0,"comment_status":"closed","ping_status":"closed","template":"page-templates\/full-width.php","meta":{"_crdt_document":"{\"document\":\"AAAH8Ke3sAyWAXkKIBwCFgIEAwEIigEDARACBgIGBA4EDLgWAQcWAgECCgIEAwBKAQBKAJwBAQIKAQhKACQBAgoCQgBKAKoDAQIKAkIASgCaAwECCgEASsQJmAkBAQgBAEgKSAQCFg7CCg4CiAzGDP4aPASSAQIEEAkAEhCWIQL2CIQOFbAcygECAAL+GjwEkgECBBAJABIQAJUBKAMnAQQAgQCEAIEAhACBAIQAgQCEAIEAhAGBAIQBgQCEAIEAhACBAIQAgQCEAScAKAQnACgJJwAHACgDJwEEAIQCKAInAIcAKAMnACgBJwAoBycAhwAoAycBBAAoAScAhwAoAycBBAAoAScAhwAoAycBKAEnAMcAKAInASgBJwAEAKgBKACEACEBhACoAMQOqAGEAMTEE7ASc3RhdGV2ZXJzaW9uZG9jdW1lbnRkYXRlZG9jdW1lbnRzbHVnZG9jdW1lbnRzdGF0dXNkb2N1bWVudHRpdGxlZG9jdW1lbnRjb250ZW50PCEtLSB3cDpoZWFkaW5nICJhbiIid2lsbGtvbW1lbi1iZWktZGVuLXByaW1ldmFsLWF1c3NpZXMiPmlsbGtvbW1lbmJlaWRlbnJpbWV2YWx1c3NpZXM8L2gyPgo8IS0tIC93cDpoZWFkaW5nIC0tPgoKPCEtLSB3cDppbWFnZSB7ImxpZ2h0Ym94Ijp7ImVuYWJsZWQiOmZhbHNlfSwiaWQiOjQxOTcsInNpemVTbHVnIjoibGFyZ2UiLCJsaW5rRGVzdGluYXRpb24iOiJjdXN0b20ifSAtLT4KPGZpZ3VyZSBjbGFzcz0id3AtYmxvY2staW1hZ2Ugc2l6ZS1sYXJnZSI+PGltZyBzcmM9Imh0dHBzOi8vd3d3LnByaW1ldmFsLWF1c3NpZXMuYXQvd29yZHByZXNzL3dwLWNvbnRlbnQvdXBsb2Fkcy9XaGF0c0FwcC1JbWFnZS0yMDI1LTExLTIzLWF0LTE0LjAzLjQxLTEwMjR4NzAyLmpwZWciIGFsdD0iIiBjbGFzcz0id3AtaW1hZ2UtNDE5NyIvPjwvZmlndXJlPgo8IS0tIC93cDppbWFnZSAtLT4KCjwhLS0gd3A6cGFyYWdyYXBoIC0tPgo8cD5NZWxkZSBkaWNoIFtzZ19wb3B1cCBpZD0yNjk1XWhpZXJbL3NnX3BvcHVwXSBhbiwgd2VubiBkdSDDvGJlciBkZW4gbsOkY2hzdGVuIFd1cmYgaW5mb3JtaWVydCB3ZXJkZW4gbcO2Y2h0ZXN0LjwvcD4KPCEtLSAvd3A6cGFyYWdyYXBoIC0tPgoKPCEtLSB3cDpwYXJhZ3JhcGggLS0+CjxwPgoKW3Bvc3RzLWZvci1wYWdlIGNhdD0nMScgbnVtPSc3JyB1c2Vfd3BfZXhjZXJwdD0ndHJ1ZScgc2hvd19tZXRhPSd0cnVlJyBmb3JjZV9pbWFnZV93aWR0aD0nMTUwJ10KCjwvcD4KPCEtLSAvd3A6cGFyYWdyYXBoIC0tPgoKPCEtLSB3cDpwYXJhZ3JhcGggLS0+CjxwPjwvcD4KPCEtLSAvd3A6cGFyYWdyYXBoIC0tPmRvY3VtZW50ZXhjZXJwdGRvY3VtZW50YXV0aG9yZG9jdW1lbnRmZWF0dXJlZF9tZWRpYWRvY3VtZW50Y29tbWVudF9zdGF0dXNkb2N1bWVudHBpbmdfc3RhdHVzZG9jdW1lbnR0ZW1wbGF0ZWRvY3VtZW50bWV0YWFkdmdiX2Jsb2Nrc19lZGl0b3Jfd2lkdGhhZHZnYl9ibG9ja3NfY29sdW1uc192aXN1YWxfZ3VpZGVfbW9uc3Rlcmluc2lnaHRzX3NraXBfdHJhY2tpbmdfbW9uc3Rlcmluc2lnaHRzX3NpdGVub3RlX2FjdGl2ZV9tb25zdGVyaW5zaWdodHNfc2l0ZW5vdGVfbm90ZV9tb25zdGVyaW5zaWdodHNfc2l0ZW5vdGVfY2F0ZWdvcnluZ2dfcG9zdF90aHVtYm5haWxmb290bm90ZXNfbGlua3NfdG9fbGlua3NfdG9fdGFyZ2V0ZG9jdW1lbnRibG9ja3NjbGllbnRJZGlzVmFsaWRvcmlnaW5hbENvbnRlbnRuYW1lYXR0cmlidXRlc2NvbnRlbnRXaWxsa29tbWVuIGJlaSBkZW4gUHJpbWV2YWwgQXVzc2llc2xldmVsYWR2Z2JCbG9ja0NvbnRyb2xzYW5jaG9yaW5uZXJCbG9ja3NjbGllbnRJZGlzVmFsaWRvcmlnaW5hbENvbnRlbnRuYW1lYXR0cmlidXRlc3VybGFsdGNhcHRpb25saWdodGJveGlkc2l6ZVNsdWdsaW5rRGVzdGluYXRpb25hZHZnYkJsb2NrQ29udHJvbHNtb25zdGVyaW5zaWdodHNNYXJrQXNDb252ZXJzaW9uRXZlbnRtb25zdGVyaW5zaWdodHNNYXJrQXNLZXlFdmVudG1vbnN0ZXJpbnNpZ2h0c0N1c3RvbUV2ZW50TmFtZWlubmVyQmxvY2tzY2xpZW50SWRpc1ZhbGlkb3JpZ2luYWxDb250ZW50bmFtZWF0dHJpYnV0ZXNjb250ZW50TWVsZGUgZGljaCBbc2dfcG9wdXAgaWQ9MjY5NV1oaWVyWy9zZ19wb3B1cF0gYW4sIHdlbm4gZHUgw7xiZXIgZGVuIG7DpGNoc3RlbiBXdXJmIGluZm9ybWllcnQgd2VyZGVuIG3DtmNodGVzdC5kcm9wQ2FwYWR2Z2JCbG9ja0NvbnRyb2xzaW5uZXJCbG9ja3NjbGllbnRJZGlzVmFsaWRvcmlnaW5hbENvbnRlbnRuYW1lYXR0cmlidXRlc2NvbnRlbnQKCltwb3N0cy1mb3ItcGFnZSBjYXQ9JzEnIG51bT0nNycgdXNlX3dwX2V4Y2VycHQ9J3RydWUnIHNob3dfbWV0YT0ndHJ1ZScgZm9yY2VfaW1hZ2Vfd2lkdGg9JzE1MCddCgpkcm9wQ2FwYWR2Z2JCbG9ja0NvbnRyb2xzaW5uZXJCbG9ja3NjbGllbnRJZGlzVmFsaWRvcmlnaW5hbENvbnRlbnRuYW1lYXR0cmlidXRlc2NvbnRlbnRkcm9wQ2FwYWR2Z2JCbG9ja0NvbnRyb2xzaW5uZXJCbG9ja3NjbGllbnRJZGlzVmFsaWRuYW1lYXR0cmlidXRlc2NvbnRlbnRkcm9wQ2FwYWR2Z2JCbG9ja0NvbnRyb2xzaW5uZXJCbG9ja3NXaWUvaGVhbGV2ZWxXaXIgc3RhdGVzYXZlZEF0c3RhdGVzYXZlZEJ5ZXJ3YXJ0ZW4gQW5mYW5nIEp1bmkgdW5zZXJlIFdsZXBlbHBlbnIgZXJ3YXJ0ZW4gQW5mYW5nIEp1bmkgdW5zZXJlIFdlcGVuV2lse2Nob3I6fSAtLQo8aDIgZD0id2ktLS1wLWEiIGNsYXNzPSJ3cC1ibG9jay1oZWFkaW5nIj5XaXIgZXJ3YXJ0ZW4gQW5mYW5nIEp1bmkgdW5zZXJlIFdlbHBlbiEhBQcIBAgECAYIBQgHEEECJUEACEMABwaVCwgHCAYIDggOCAtIAQQZIR4gHiISSQAQCAYIBw8ECgcCQQAfBRIGCwgHDwQKQwAHCAIIDxIkHR4LCAcPBAoHqwEHEgsIBw8ECgejAQcSCwgHDwQKRwASCwgHBApHABILBwUEBQcFByUgAwJBAAQBBEUAQQBCAIEBQQANAQUAAAEGAAkBAABDARxCAQEAQQACAEEAAgBBAAIAQQACAEEAAgBBAAIADUECDgsCAQRBAUIAQUEBlgEAfQF3EzIwMTQtMDEtMTNUMTk6MzM6Mzh3DmJlaXNwaWVsLXNlaXRldwdwdWJsaXNofQF9AHcGY2xvc2VkdwZjbG9zZWR3HXBhZ2UtdGVtcGxhdGVzL2Z1bGwtd2lkdGgucGhwdwB3AHl5dwB9AH0AdwB3AHcAdyQwYWY5YzQ3OS1iNDJkLTRlZjEtOTdlNi03MTE1YzJhOTQ2Mjh4d248aDIgY2xhc3M9IndwLWJsb2NrLWhlYWRpbmciIGlkPSJ3aWxsa29tbWVuLWJlaS1kZW4tcHJpbWV2YWwtYXVzc2llcyI+V2lsbGtvbW1lbiBiZWkgZGVuIFByaW1ldmFsIEF1c3NpZXM8L2gyPncMY29yZS9oZWFkaW5nfQJ1AHcjd2lsbGtvbW1lbi1iZWktZGVuLXByaW1ldmFsLWF1c3NpZXN3JDZlOTA0NTRlLTYwYzktNDI4Zi05MzM5LTMxYWUwMzgzNjMxNnh3zQE8ZmlndXJlIGNsYXNzPSJ3cC1ibG9jay1pbWFnZSBzaXplLWxhcmdlIj48aW1nIHNyYz0iaHR0cHM6Ly93d3cucHJpbWV2YWwtYXVzc2llcy5hdC93b3JkcHJlc3Mvd3AtY29udGVudC91cGxvYWRzL1doYXRzQXBwLUltYWdlLTIwMjUtMTEtMjMtYXQtMTQuMDMuNDEtMTAyNHg3MDIuanBlZyIgYWx0PSIiIGNsYXNzPSJ3cC1pbWFnZS00MTk3Ii8+PC9maWd1cmU+dwpjb3JlL2ltYWdld3BodHRwczovL3d3dy5wcmltZXZhbC1hdXNzaWVzLmF0L3dvcmRwcmVzcy93cC1jb250ZW50L3VwbG9hZHMvV2hhdHNBcHAtSW1hZ2UtMjAyNS0xMS0yMy1hdC0xNC4wMy40MS0xMDI0eDcwMi5qcGVndwB2AQdlbmFibGVkeX2lQXcFbGFyZ2V3BmN1c3RvbXUAeXl3AHckNTA2NmRiY2UtNjEzOC00MjJmLTkzOWUtZjU1Y2RiZmEwZjIzeHd1PHA+TWVsZGUgZGljaCBbc2dfcG9wdXAgaWQ9MjY5NV1oaWVyWy9zZ19wb3B1cF0gYW4sIHdlbm4gZHUgw7xiZXIgZGVuIG7DpGNoc3RlbiBXdXJmIGluZm9ybWllcnQgd2VyZGVuIG3DtmNodGVzdC48L3A+dw5jb3JlL3BhcmFncmFwaHl1AHckNjlmMmEzZWUtM2NiNi00YjJiLWE3OTAtZWE0NzcyYjFkNTIxeHdqPHA+CgpbcG9zdHMtZm9yLXBhZ2UgY2F0PScxJyBudW09JzcnIHVzZV93cF9leGNlcnB0PSd0cnVlJyBzaG93X21ldGE9J3RydWUnIGZvcmNlX2ltYWdlX3dpZHRoPScxNTAnXQoKPC9wPncOY29yZS9wYXJhZ3JhcGh5dQB3JGVlNjIwNzliLTQ5MzctNGJlYS1iNzJjLTdjNTRkZmRjYTc0Mnh3BzxwPjwvcD53DmNvcmUvcGFyYWdyYXBoeXUAdyQ5YzFkZTJjMC0yOGI0LTRkY2UtYWE3MS0wNWEwODY4MWFiYzB4dw5jb3JlL3BhcmFncmFwaHl1AHckYzNjMTQwN2UtZjNmYS00MDYwLTlmMmItZTVkNGNkZGZmNWIxdwxjb3JlL2hlYWRpbmd9A3ckNTI3MmVlZjgtOGE4MC00ODY1LTgzZTYtZjQ0ZGYwNTA4ODdhe0J53i5mINAAfbCnt7AMAfDTm5gGDhYNAQoBAQEAAQMmAAkAAwADAQcB7gUACB+CAj0kAg==\",\"updateId\":889167032}","advgb_blocks_editor_width":"","advgb_blocks_columns_visual_guide":"","_monsterinsights_skip_tracking":false,"_monsterinsights_sitenote_active":false,"_monsterinsights_sitenote_note":"","_monsterinsights_sitenote_category":0,"ngg_post_thumbnail":0,"footnotes":"","_links_to":"","_links_to_target":""},"class_list":["post-2","page","type-page","status-publish","hentry"],"aioseo_notices":[],"coauthors":[],"author_meta":{"author_link":"https:\/\/www.primeval-aussies.at\/wordpress\/author\/wordpressadmin\/","display_name":"Benjamin"},"relative_dates":{"created":"Ver\u00f6ffentlicht 12\u00a0Jahren vor","modified":"Aktualisiert 5\u00a0Tagen vor"},"absolute_dates":{"created":"Ver\u00f6ffentlicht am 13. Januar 2014","modified":"Aktualisiert am 1. Mai 2026"},"absolute_dates_time":{"created":"Ver\u00f6ffentlicht am 13. Januar 2014 19:33","modified":"Aktualisiert am 1. Mai 2026 10:37"},"featured_img_caption":"","featured_img":false,"series_order":"","_links":{"self":[{"href":"https:\/\/www.primeval-aussies.at\/wordpress\/wp-json\/wp\/v2\/pages\/2","targetHints":{"allow":["GET"]}}],"collection":[{"href":"https:\/\/www.primeval-aussies.at\/wordpress\/wp-json\/wp\/v2\/pages"}],"about":[{"href":"https:\/\/www.primeval-aussies.at\/wordpress\/wp-json\/wp\/v2\/types\/page"}],"author":[{"embeddable":true,"href":"https:\/\/www.primeval-aussies.at\/wordpress\/wp-json\/wp\/v2\/users\/1"}],"replies":[{"embeddable":true,"href":"https:\/\/www.primeval-aussies.at\/wordpress\/wp-json\/wp\/v2\/comments?post=2"}],"version-history":[{"count":168,"href":"https:\/\/www.primeval-aussies.at\/wordpress\/wp-json\/wp\/v2\/pages\/2\/revisions"}],"predecessor-version":[{"id":4223,"href":"https:\/\/www.primeval-aussies.at\/wordpress\/wp-json\/wp\/v2\/pages\/2\/revisions\/4223"}],"wp:attachment":[{"href":"https:\/\/www.primeval-aussies.at\/wordpress\/wp-json\/wp\/v2\/media?parent=2"}],"curies":[{"name":"wp","href":"https:\/\/api.w.org\/{rel}","templated":true}]}}